{"id":208,"date":"2018-03-28T21:03:40","date_gmt":"2018-03-29T01:03:40","guid":{"rendered":"http:\/\/revolucell.com\/?page_id=208"},"modified":"2025-08-09T09:29:23","modified_gmt":"2025-08-09T13:29:23","slug":"reparation-cellulaire-a-domicile","status":"publish","type":"page","link":"https:\/\/revolucell.com\/fr\/reparation-cellulaire-a-domicile\/","title":{"rendered":"R\u00e9paration cellulaire \u00e0 domicile"},"content":{"rendered":"<h1 style=\"color: #fff;\">R\u00e9paration sur Route<\/h1>\n<p>center<\/p>\n<p>no-repeat;center top;;<\/p>\n<p>auto<\/p>\n<p>R\u00e9paration sur route dans le grand Montr\u00e9al<\/p>\n<h2>R\u00e9paration sur la route<\/h2>\n<p class=\"big\">RevoluCell lance un service de r\u00e9paration sur route dans le grand Montr\u00e9al. Si vous n&rsquo;avez pas le temps de vous d\u00e9placer, l\u2019un de nos techniciens se d\u00e9place pour r\u00e9parer votre iphone \u00e0 l&rsquo;endroit qui vous convient (\u00e0 la maison, au bureau, dans un caf\u00e9 ou dans notre v\u00e9hicule sp\u00e9cialement \u00e9quip\u00e9 pour \u00e7a). Notre technicien effectue alors la r\u00e9paration de votre iPhone dans moins d&rsquo;une heure, si la r\u00e9paration n\u00e9cessite de faire un passage dans nos ateliers, celle-ci sera r\u00e9alis\u00e9e sous 24h maximum. faite nous confiance pour la r\u00e9paration de votre cellulaire<\/p>\n<p class=\"big\">Pour le moment notre service se limite \u00e0 la r\u00e9paration d&rsquo;iPhone (LCD et Batterie)&nbsp; Pour les autres r\u00e9parations, Nous venons r\u00e9cup\u00e9rer le t\u00e9l\u00e9phone \u00e0 r\u00e9parer. Nous le r\u00e9parons en urgence et nous vous le d\u00e9posons chez vous ou \u00e0 votre travail.<\/p>\n<p class=\"big\">N&rsquo;h\u00e9sitez pas \u00e0 nous appelez pour toute autres questions ou informations. nous serons ravis de pouvoir vous aider.<\/p>\n<p>center<\/p>\n<p>no-repeat;center top;;<\/p>\n<p>auto<\/p>\n<p><img decoding=\"async\" src=\"https:\/\/revolucell.com\/wp-content\/uploads\/2018\/03\/reparation-sur-route.jpg\" alt=\"reparation-sur-route\"><\/p>\n<p>Prenez un RDV pour une r\u00e9paration sur route<\/p>\n<h3><b>Prix \u00e0 pr\u00e9voir<\/b><\/h3>\n<p><b>10$ pour livraison<\/b><br \/>\n<b>20$ pour r\u00e9paration \u00e0 domicile<\/b><\/p>\n<p>line<\/p>\n<p>[bookly-form staff_member_id=\u00a0\u00bb2&Prime;]<\/p>\n<p>no-repeat;center top;;<\/p>\n<p>auto<\/p>\n","protected":false},"excerpt":{"rendered":"<p>R\u00e9paration sur Route center no-repeat;center top;; auto R\u00e9paration sur route dans le grand Montr\u00e9al R\u00e9paration sur la route RevoluCell lance un service de r\u00e9paration sur route<span class=\"excerpt-hellip\"> [\u2026]<\/span><\/p>\n","protected":false},"author":1,"featured_media":0,"parent":0,"menu_order":0,"comment_status":"closed","ping_status":"closed","template":"","meta":{"footnotes":""},"class_list":["post-208","page","type-page","status-publish","hentry"],"yoast_head":"<!-- This site is optimized with the Yoast SEO plugin v27.3 - https:\/\/yoast.com\/product\/yoast-seo-wordpress\/ -->\n<title>R\u00e9paration \u00e0 domicile de cellulaires dans le grand Montr\u00e9al<\/title>\n<meta name=\"description\" content=\"RevoluCell lance un service de r\u00e9paration \u00e0 domicile de cellulaires dans le grand Montr\u00e9al. Si vous n&#039;avez pas le temps de vous d\u00e9placer, l\u2019un de nos techniciens se d\u00e9place pour r\u00e9parer votre iphone \u00e0 l&#039;endroit qui vous convient (\u00e0 la maison, au bureau, dans un caf\u00e9 ou dans notre v\u00e9hicule sp\u00e9cialement \u00e9quip\u00e9 pour \u00e7a)\" \/>\n<meta name=\"robots\" content=\"index, follow, max-snippet:-1, max-image-preview:large, max-video-preview:-1\" \/>\n<link rel=\"canonical\" href=\"https:\/\/revolucell.com\/fr\/reparation-cellulaire-a-domicile\/\" \/>\n<meta property=\"og:locale\" content=\"fr_CA\" \/>\n<meta property=\"og:type\" content=\"article\" \/>\n<meta property=\"og:title\" content=\"R\u00e9paration \u00e0 domicile de cellulaires dans le grand Montr\u00e9al\" \/>\n<meta property=\"og:description\" content=\"RevoluCell lance un service de r\u00e9paration \u00e0 domicile de cellulaires dans le grand Montr\u00e9al. Si vous n&#039;avez pas le temps de vous d\u00e9placer, l\u2019un de nos techniciens se d\u00e9place pour r\u00e9parer votre iphone \u00e0 l&#039;endroit qui vous convient (\u00e0 la maison, au bureau, dans un caf\u00e9 ou dans notre v\u00e9hicule sp\u00e9cialement \u00e9quip\u00e9 pour \u00e7a)\" \/>\n<meta property=\"og:url\" content=\"https:\/\/revolucell.com\/fr\/reparation-cellulaire-a-domicile\/\" \/>\n<meta property=\"og:site_name\" content=\"REVOLUCELL\" \/>\n<meta property=\"article:publisher\" content=\"https:\/\/fr-ca.facebook.com\/revolucell\" \/>\n<meta property=\"article:modified_time\" content=\"2025-08-09T13:29:23+00:00\" \/>\n<meta property=\"og:image\" content=\"https:\/\/revolucell.com\/wp-content\/uploads\/2018\/03\/reparation-sur-route.jpg\" \/>\n<meta name=\"twitter:card\" content=\"summary_large_image\" \/>\n<meta name=\"twitter:site\" content=\"@revolucell\" \/>\n<meta name=\"twitter:label1\" content=\"Estimation du temps de lecture\" \/>\n\t<meta name=\"twitter:data1\" content=\"2 minutes\" \/>\n<script type=\"application\/ld+json\" class=\"yoast-schema-graph\">{\"@context\":\"https:\\\/\\\/schema.org\",\"@graph\":[{\"@type\":\"WebPage\",\"@id\":\"https:\\\/\\\/revolucell.com\\\/fr\\\/reparation-cellulaire-a-domicile\\\/\",\"url\":\"https:\\\/\\\/revolucell.com\\\/fr\\\/reparation-cellulaire-a-domicile\\\/\",\"name\":\"R\u00e9paration \u00e0 domicile de cellulaires dans le grand Montr\u00e9al\",\"isPartOf\":{\"@id\":\"https:\\\/\\\/revolucell.com\\\/fr\\\/#website\"},\"primaryImageOfPage\":{\"@id\":\"https:\\\/\\\/revolucell.com\\\/fr\\\/reparation-cellulaire-a-domicile\\\/#primaryimage\"},\"image\":{\"@id\":\"https:\\\/\\\/revolucell.com\\\/fr\\\/reparation-cellulaire-a-domicile\\\/#primaryimage\"},\"thumbnailUrl\":\"https:\\\/\\\/revolucell.com\\\/wp-content\\\/uploads\\\/2018\\\/03\\\/reparation-sur-route.jpg\",\"datePublished\":\"2018-03-29T01:03:40+00:00\",\"dateModified\":\"2025-08-09T13:29:23+00:00\",\"description\":\"RevoluCell lance un service de r\u00e9paration \u00e0 domicile de cellulaires dans le grand Montr\u00e9al. Si vous n'avez pas le temps de vous d\u00e9placer, l\u2019un de nos techniciens se d\u00e9place pour r\u00e9parer votre iphone \u00e0 l'endroit qui vous convient (\u00e0 la maison, au bureau, dans un caf\u00e9 ou dans notre v\u00e9hicule sp\u00e9cialement \u00e9quip\u00e9 pour \u00e7a)\",\"breadcrumb\":{\"@id\":\"https:\\\/\\\/revolucell.com\\\/fr\\\/reparation-cellulaire-a-domicile\\\/#breadcrumb\"},\"inLanguage\":\"fr-CA\",\"potentialAction\":[{\"@type\":\"ReadAction\",\"target\":[\"https:\\\/\\\/revolucell.com\\\/fr\\\/reparation-cellulaire-a-domicile\\\/\"]}]},{\"@type\":\"ImageObject\",\"inLanguage\":\"fr-CA\",\"@id\":\"https:\\\/\\\/revolucell.com\\\/fr\\\/reparation-cellulaire-a-domicile\\\/#primaryimage\",\"url\":\"https:\\\/\\\/revolucell.com\\\/wp-content\\\/uploads\\\/2018\\\/03\\\/reparation-sur-route.jpg\",\"contentUrl\":\"https:\\\/\\\/revolucell.com\\\/wp-content\\\/uploads\\\/2018\\\/03\\\/reparation-sur-route.jpg\"},{\"@type\":\"BreadcrumbList\",\"@id\":\"https:\\\/\\\/revolucell.com\\\/fr\\\/reparation-cellulaire-a-domicile\\\/#breadcrumb\",\"itemListElement\":[{\"@type\":\"ListItem\",\"position\":1,\"name\":\"Home\",\"item\":\"https:\\\/\\\/revolucell.com\\\/fr\\\/\"},{\"@type\":\"ListItem\",\"position\":2,\"name\":\"R\u00e9paration cellulaire \u00e0 domicile\"}]},{\"@type\":\"WebSite\",\"@id\":\"https:\\\/\\\/revolucell.com\\\/fr\\\/#website\",\"url\":\"https:\\\/\\\/revolucell.com\\\/fr\\\/\",\"name\":\"REVOLUCELL\",\"description\":\"Cell Phone and tablet repair in Montreal\",\"publisher\":{\"@id\":\"https:\\\/\\\/revolucell.com\\\/fr\\\/#organization\"},\"potentialAction\":[{\"@type\":\"SearchAction\",\"target\":{\"@type\":\"EntryPoint\",\"urlTemplate\":\"https:\\\/\\\/revolucell.com\\\/fr\\\/?s={search_term_string}\"},\"query-input\":{\"@type\":\"PropertyValueSpecification\",\"valueRequired\":true,\"valueName\":\"search_term_string\"}}],\"inLanguage\":\"fr-CA\"},{\"@type\":\"Organization\",\"@id\":\"https:\\\/\\\/revolucell.com\\\/fr\\\/#organization\",\"name\":\"RevoluCell\",\"url\":\"https:\\\/\\\/revolucell.com\\\/fr\\\/\",\"logo\":{\"@type\":\"ImageObject\",\"inLanguage\":\"fr-CA\",\"@id\":\"https:\\\/\\\/revolucell.com\\\/fr\\\/#\\\/schema\\\/logo\\\/image\\\/\",\"url\":\"https:\\\/\\\/revolucell.com\\\/wp-content\\\/uploads\\\/2017\\\/06\\\/logo-f-revolucell.png\",\"contentUrl\":\"https:\\\/\\\/revolucell.com\\\/wp-content\\\/uploads\\\/2017\\\/06\\\/logo-f-revolucell.png\",\"width\":250,\"height\":100,\"caption\":\"RevoluCell\"},\"image\":{\"@id\":\"https:\\\/\\\/revolucell.com\\\/fr\\\/#\\\/schema\\\/logo\\\/image\\\/\"},\"sameAs\":[\"https:\\\/\\\/fr-ca.facebook.com\\\/revolucell\",\"https:\\\/\\\/x.com\\\/revolucell\",\"https:\\\/\\\/www.instagram.com\\\/revolucell\\\/\"]}]}<\/script>\n<!-- \/ Yoast SEO plugin. -->","yoast_head_json":{"title":"R\u00e9paration \u00e0 domicile de cellulaires dans le grand Montr\u00e9al","description":"RevoluCell lance un service de r\u00e9paration \u00e0 domicile de cellulaires dans le grand Montr\u00e9al. Si vous n'avez pas le temps de vous d\u00e9placer, l\u2019un de nos techniciens se d\u00e9place pour r\u00e9parer votre iphone \u00e0 l'endroit qui vous convient (\u00e0 la maison, au bureau, dans un caf\u00e9 ou dans notre v\u00e9hicule sp\u00e9cialement \u00e9quip\u00e9 pour \u00e7a)","robots":{"index":"index","follow":"follow","max-snippet":"max-snippet:-1","max-image-preview":"max-image-preview:large","max-video-preview":"max-video-preview:-1"},"canonical":"https:\/\/revolucell.com\/fr\/reparation-cellulaire-a-domicile\/","og_locale":"fr_CA","og_type":"article","og_title":"R\u00e9paration \u00e0 domicile de cellulaires dans le grand Montr\u00e9al","og_description":"RevoluCell lance un service de r\u00e9paration \u00e0 domicile de cellulaires dans le grand Montr\u00e9al. Si vous n'avez pas le temps de vous d\u00e9placer, l\u2019un de nos techniciens se d\u00e9place pour r\u00e9parer votre iphone \u00e0 l'endroit qui vous convient (\u00e0 la maison, au bureau, dans un caf\u00e9 ou dans notre v\u00e9hicule sp\u00e9cialement \u00e9quip\u00e9 pour \u00e7a)","og_url":"https:\/\/revolucell.com\/fr\/reparation-cellulaire-a-domicile\/","og_site_name":"REVOLUCELL","article_publisher":"https:\/\/fr-ca.facebook.com\/revolucell","article_modified_time":"2025-08-09T13:29:23+00:00","og_image":[{"url":"https:\/\/revolucell.com\/wp-content\/uploads\/2018\/03\/reparation-sur-route.jpg","type":"","width":"","height":""}],"twitter_card":"summary_large_image","twitter_site":"@revolucell","twitter_misc":{"Estimation du temps de lecture":"2 minutes"},"schema":{"@context":"https:\/\/schema.org","@graph":[{"@type":"WebPage","@id":"https:\/\/revolucell.com\/fr\/reparation-cellulaire-a-domicile\/","url":"https:\/\/revolucell.com\/fr\/reparation-cellulaire-a-domicile\/","name":"R\u00e9paration \u00e0 domicile de cellulaires dans le grand Montr\u00e9al","isPartOf":{"@id":"https:\/\/revolucell.com\/fr\/#website"},"primaryImageOfPage":{"@id":"https:\/\/revolucell.com\/fr\/reparation-cellulaire-a-domicile\/#primaryimage"},"image":{"@id":"https:\/\/revolucell.com\/fr\/reparation-cellulaire-a-domicile\/#primaryimage"},"thumbnailUrl":"https:\/\/revolucell.com\/wp-content\/uploads\/2018\/03\/reparation-sur-route.jpg","datePublished":"2018-03-29T01:03:40+00:00","dateModified":"2025-08-09T13:29:23+00:00","description":"RevoluCell lance un service de r\u00e9paration \u00e0 domicile de cellulaires dans le grand Montr\u00e9al. Si vous n'avez pas le temps de vous d\u00e9placer, l\u2019un de nos techniciens se d\u00e9place pour r\u00e9parer votre iphone \u00e0 l'endroit qui vous convient (\u00e0 la maison, au bureau, dans un caf\u00e9 ou dans notre v\u00e9hicule sp\u00e9cialement \u00e9quip\u00e9 pour \u00e7a)","breadcrumb":{"@id":"https:\/\/revolucell.com\/fr\/reparation-cellulaire-a-domicile\/#breadcrumb"},"inLanguage":"fr-CA","potentialAction":[{"@type":"ReadAction","target":["https:\/\/revolucell.com\/fr\/reparation-cellulaire-a-domicile\/"]}]},{"@type":"ImageObject","inLanguage":"fr-CA","@id":"https:\/\/revolucell.com\/fr\/reparation-cellulaire-a-domicile\/#primaryimage","url":"https:\/\/revolucell.com\/wp-content\/uploads\/2018\/03\/reparation-sur-route.jpg","contentUrl":"https:\/\/revolucell.com\/wp-content\/uploads\/2018\/03\/reparation-sur-route.jpg"},{"@type":"BreadcrumbList","@id":"https:\/\/revolucell.com\/fr\/reparation-cellulaire-a-domicile\/#breadcrumb","itemListElement":[{"@type":"ListItem","position":1,"name":"Home","item":"https:\/\/revolucell.com\/fr\/"},{"@type":"ListItem","position":2,"name":"R\u00e9paration cellulaire \u00e0 domicile"}]},{"@type":"WebSite","@id":"https:\/\/revolucell.com\/fr\/#website","url":"https:\/\/revolucell.com\/fr\/","name":"REVOLUCELL","description":"Cell Phone and tablet repair in Montreal","publisher":{"@id":"https:\/\/revolucell.com\/fr\/#organization"},"potentialAction":[{"@type":"SearchAction","target":{"@type":"EntryPoint","urlTemplate":"https:\/\/revolucell.com\/fr\/?s={search_term_string}"},"query-input":{"@type":"PropertyValueSpecification","valueRequired":true,"valueName":"search_term_string"}}],"inLanguage":"fr-CA"},{"@type":"Organization","@id":"https:\/\/revolucell.com\/fr\/#organization","name":"RevoluCell","url":"https:\/\/revolucell.com\/fr\/","logo":{"@type":"ImageObject","inLanguage":"fr-CA","@id":"https:\/\/revolucell.com\/fr\/#\/schema\/logo\/image\/","url":"https:\/\/revolucell.com\/wp-content\/uploads\/2017\/06\/logo-f-revolucell.png","contentUrl":"https:\/\/revolucell.com\/wp-content\/uploads\/2017\/06\/logo-f-revolucell.png","width":250,"height":100,"caption":"RevoluCell"},"image":{"@id":"https:\/\/revolucell.com\/fr\/#\/schema\/logo\/image\/"},"sameAs":["https:\/\/fr-ca.facebook.com\/revolucell","https:\/\/x.com\/revolucell","https:\/\/www.instagram.com\/revolucell\/"]}]}},"_links":{"self":[{"href":"https:\/\/revolucell.com\/fr\/wp-json\/wp\/v2\/pages\/208","targetHints":{"allow":["GET"]}}],"collection":[{"href":"https:\/\/revolucell.com\/fr\/wp-json\/wp\/v2\/pages"}],"about":[{"href":"https:\/\/revolucell.com\/fr\/wp-json\/wp\/v2\/types\/page"}],"author":[{"embeddable":true,"href":"https:\/\/revolucell.com\/fr\/wp-json\/wp\/v2\/users\/1"}],"replies":[{"embeddable":true,"href":"https:\/\/revolucell.com\/fr\/wp-json\/wp\/v2\/comments?post=208"}],"version-history":[{"count":10,"href":"https:\/\/revolucell.com\/fr\/wp-json\/wp\/v2\/pages\/208\/revisions"}],"predecessor-version":[{"id":1036,"href":"https:\/\/revolucell.com\/fr\/wp-json\/wp\/v2\/pages\/208\/revisions\/1036"}],"wp:attachment":[{"href":"https:\/\/revolucell.com\/fr\/wp-json\/wp\/v2\/media?parent=208"}],"curies":[{"name":"wp","href":"https:\/\/api.w.org\/{rel}","templated":true}]}}