{"id":168,"date":"2017-06-26T11:50:22","date_gmt":"2017-06-26T15:50:22","guid":{"rendered":"http:\/\/revolucell.com\/contact-us\/"},"modified":"2025-08-10T09:42:21","modified_gmt":"2025-08-10T13:42:21","slug":"contact","status":"publish","type":"page","link":"https:\/\/revolucell.com\/fr\/contact\/","title":{"rendered":"Contact"},"content":{"rendered":"<h1 style=\"color: #fff;\">R\u00e9paration Cellulaires<\/h1>\n<p><hr class=\"no_line\" style=\"margin: 0 auto 30px auto\"\/>\n<br \/>\n<div class=\"image_frame image_item no_link scale-with-grid element_classes alignnone no_border mfn-img-box\" ><div class=\"image_wrapper\"><img loading=\"lazy\" decoding=\"async\" width=\"199\" height=\"8\" src=\"https:\/\/revolucell.com\/wp-content\/uploads\/2018\/03\/separateur2.png\" class=\"scale-with-grid\" alt=\"\" style=\"\" srcset=\"https:\/\/revolucell.com\/wp-content\/uploads\/2018\/03\/separateur2.png 199w, https:\/\/revolucell.com\/wp-content\/uploads\/2018\/03\/separateur2-50x2.png 50w, https:\/\/revolucell.com\/wp-content\/uploads\/2018\/03\/separateur2-150x6.png 150w, https:\/\/revolucell.com\/wp-content\/uploads\/2018\/03\/separateur2-20x1.png 20w\" sizes=\"auto, (max-width:767px) 199px, 199px\" \/><\/div><\/div>\n<br \/>\n<hr class=\"no_line\" style=\"margin: 0 auto 30px auto\"\/>\n<br \/>\n<strong>En plus de la r\u00e9paration de t\u00e9l\u00e9phones portables, on vous offre une large s\u00e9lection d&rsquo;accessoires, de smartphones, de t\u00e9l\u00e9phones cellulaires et tablettes \u00e0 vendre avec des prix tr\u00e8s comp\u00e9titifs. nous sommes pr\u00e9sent \u00e0 Montr\u00e9al et \u00e0 Terrebonne. Pour les clients qui n&rsquo;ont pas le temps de se d\u00e9placer, on leur offre un service de r\u00e9paration \u00e0 domicile ou dans un lieu de leur choix. Pour le moment, notre service se limite \u00e0 la r\u00e9paration d&rsquo;iPhone (LCD et Batterie), ainsi que les vitres iPad. Pour les autres r\u00e9parations, Nous venons r\u00e9cup\u00e9rer le t\u00e9l\u00e9phone \u00e0 r\u00e9parer. Nous le r\u00e9parons en urgence et nous vous le d\u00e9posons chez vous ou \u00e0 votre travail. Nous sommes aussi des sp\u00e9cialistes de d\u00e9blocages de t\u00e9l\u00e9phones mobiles. \u00c9vitez les maux de t\u00eate et les arnaques sur l&rsquo;internet! Laissez nous prendre soin de votre t\u00e9l\u00e9phone ! Nous sommes des sp\u00e9cialistes de d\u00e9blocage cellulaires \u00e0 Montr\u00e9al. notre but c&rsquo;est de fait rendre heureux nos clients. N&rsquo;h\u00e9sitez pas \u00e0 nous appelez pour toutes autres questions ou informations. nous serons ravis de pouvoir vous aider.<\/strong><br \/>\n<hr class=\"no_line\" style=\"margin: 0 auto 30px auto\"\/>\n<\/p>\n<h3 style=\"color: #fff;\">Contactez-nous ou laissez nous votre num\u00e9ro et nous vous rappellerons<\/h3>\n<p><hr class=\"no_line\" style=\"margin: 0 auto 30px auto\"\/>\n<br \/>\n\n<div class=\"wpcf7 no-js\" id=\"wpcf7-f8-o1\" lang=\"en-US\" dir=\"ltr\" data-wpcf7-id=\"8\">\n<div class=\"screen-reader-response\"><p role=\"status\" aria-live=\"polite\" aria-atomic=\"true\"><\/p> <ul><\/ul><\/div>\n<form action=\"\/fr\/wp-json\/wp\/v2\/pages\/168#wpcf7-f8-o1\" method=\"post\" class=\"wpcf7-form init\" aria-label=\"Contact form\" novalidate=\"novalidate\" data-status=\"init\">\n<fieldset class=\"hidden-fields-container\"><input type=\"hidden\" name=\"_wpcf7\" value=\"8\" \/><input type=\"hidden\" name=\"_wpcf7_version\" value=\"6.1.5\" \/><input type=\"hidden\" name=\"_wpcf7_locale\" value=\"en_US\" \/><input type=\"hidden\" name=\"_wpcf7_unit_tag\" value=\"wpcf7-f8-o1\" \/><input type=\"hidden\" name=\"_wpcf7_container_post\" value=\"0\" \/><input type=\"hidden\" name=\"_wpcf7_posted_data_hash\" value=\"\" \/><input type=\"hidden\" name=\"_wpcf7cf_hidden_group_fields\" value=\"[]\" \/><input type=\"hidden\" name=\"_wpcf7cf_hidden_groups\" value=\"[]\" \/><input type=\"hidden\" name=\"_wpcf7cf_visible_groups\" value=\"[]\" \/><input type=\"hidden\" name=\"_wpcf7cf_repeaters\" value=\"[]\" \/><input type=\"hidden\" name=\"_wpcf7cf_steps\" value=\"{}\" \/><input type=\"hidden\" name=\"_wpcf7cf_options\" value=\"{&quot;form_id&quot;:8,&quot;conditions&quot;:[],&quot;settings&quot;:{&quot;animation&quot;:&quot;yes&quot;,&quot;animation_intime&quot;:200,&quot;animation_outtime&quot;:200,&quot;conditions_ui&quot;:&quot;normal&quot;,&quot;notice_dismissed&quot;:false,&quot;notice_dismissed_rollback-cf7-5.9.3&quot;:true,&quot;notice_dismissed_rollback-cf7-5.9.5&quot;:true}}\" \/><input type=\"hidden\" name=\"_wpcf7_recaptcha_response\" value=\"\" \/>\n<\/fieldset>\n<div class=\"column one\">\n\t<p><span class=\"wpcf7-form-control-wrap\" data-name=\"your-name\"><input size=\"40\" maxlength=\"400\" class=\"wpcf7-form-control wpcf7-text wpcf7-validates-as-required\" aria-required=\"true\" aria-invalid=\"false\" placeholder=\"Nom\" value=\"\" type=\"text\" name=\"your-name\" \/><\/span>\n\t<\/p>\n<\/div>\n<div class=\"column one\">\n\t<p><span class=\"wpcf7-form-control-wrap\" data-name=\"phone-number\"><input size=\"40\" maxlength=\"400\" class=\"wpcf7-form-control wpcf7-tel wpcf7-validates-as-required wpcf7-text wpcf7-validates-as-tel\" aria-required=\"true\" aria-invalid=\"false\" placeholder=\"T\u00e9l\u00e9phone\" value=\"\" type=\"tel\" name=\"phone-number\" \/><\/span>\n\t<\/p>\n<\/div>\n<div class=\"column one\">\n\t<p><span class=\"wpcf7-form-control-wrap\" data-name=\"your-email\"><input size=\"40\" maxlength=\"400\" class=\"wpcf7-form-control wpcf7-email wpcf7-validates-as-required wpcf7-text wpcf7-validates-as-email\" aria-required=\"true\" aria-invalid=\"false\" placeholder=\"e-mail\" value=\"\" type=\"email\" name=\"your-email\" \/><\/span>\n\t<\/p>\n<\/div>\n<div class=\"column one\">\n\t<p><span class=\"wpcf7-form-control-wrap\" data-name=\"your-subject\"><input size=\"40\" maxlength=\"400\" class=\"wpcf7-form-control wpcf7-text\" aria-invalid=\"false\" placeholder=\"Sujet\" value=\"\" type=\"text\" name=\"your-subject\" \/><\/span>\n\t<\/p>\n<\/div>\n<div class=\"column one\">\n\t<p><span class=\"wpcf7-form-control-wrap\" data-name=\"your-message\"><textarea cols=\"40\" rows=\"3\" maxlength=\"2000\" class=\"wpcf7-form-control wpcf7-textarea\" aria-invalid=\"false\" placeholder=\"Message\" name=\"your-message\"><\/textarea><\/span>\n\t<\/p>\n<\/div>\n<div class=\"column one\">\n\t<p><input class=\"wpcf7-form-control wpcf7-submit has-spinner button_full_width\" type=\"submit\" value=\"Envoyer message\" \/>\n\t<\/p>\n<\/div><div class=\"wpcf7-response-output\" aria-hidden=\"true\"><\/div>\n<\/form>\n<\/div>\n<\/p>\n<p>center<\/p>\n<p>no-repeat;center top;;<\/p>\n<p>auto<\/p>\n<p><img decoding=\"async\" src=\"https:\/\/revolucell.com\/wp-content\/uploads\/2017\/06\/revolucell_960m.jpg\" alt=\"revolucell_960m\"><\/p>\n<h2>Contactez-nous<\/h2>\n<div class=\"image_frame image_item no_link scale-with-grid element_classes alignnone no_border mfn-img-box\" ><div class=\"image_wrapper\"><img decoding=\"async\" width=\"80\" src=\"https:\/\/revolucell.com\/wp-content\/uploads\/2017\/06\/sbarre-80x1.png\" class=\"scale-with-grid\" alt=\"\" style=\"\" srcset=\"https:\/\/revolucell.com\/wp-content\/uploads\/2017\/06\/sbarre-80x1.png 80w, https:\/\/revolucell.com\/wp-content\/uploads\/2017\/06\/sbarre-80x1-50x1.png 50w\" sizes=\"(max-width:767px) 80px, 80px\" \/><\/div><\/div>\n\n<p>center<\/p>\n<p>no-repeat;center top;;<\/p>\n<p>auto<\/p>\n<hr class=\"no_line\" style=\"margin: 0 auto 10px auto\"\/>\n\n<h5 style=\"color: #8F2F19;\">RevoluCell Montr\u00e9al<!--53--><\/h5>\n<h5 class=\" icon-location\"> 5910 COTES DES NEIGES,<br \/>\nMontr\u00e9al, H3S 1Z5<br \/>\nCanada<\/h5>\n<h5 class=\" icon-phone\">  514-733-7386<\/h5>\n<h5 class=\" icon-mail-line\"><a href=\"#\"> info@revolucell.com<\/a><\/h5>\n<p>no-repeat;center top;;<\/p>\n<p>auto<\/p>\n<hr class=\"no_line\" style=\"margin: 0 auto 10px auto\"\/>\n\n<h5 style=\"color: #8F2F19;\"> RevoluCell Terrebonne<\/h5>\n<h5 class=\" icon-location\">  2287 CHEMIN GASCON,<br \/>\nTerrebonne, J6X 4H3<br \/>\nCanada<\/h5>\n<h5 class=\" icon-phone\">  450-326-0911<\/h5>\n<h5 class=\" icon-mail-line\"><a href=\"#\"> info@revolucell.com<\/a><\/h5>\n<p>no-repeat;center top;;<\/p>\n<p>auto<\/p>\n<p>REVOLUCELL MONTR\u00c9AL<\/p>\n<p>line<\/p>\n<p>20<\/p>\n<p>default<\/p>\n<p>45.49988949999999<\/p>\n<p>-73.63039300000003<\/p>\n<p>13<\/p>\n<p>500<\/p>\n<p>ROADMAP<\/p>\n<p>https:\/\/revolucell.com\/wp-content\/uploads\/2017\/06\/revolu-single.png<\/p>\n<p>RevoluCell Montr\u00e9al<\/p>\n<p>5910 COTES DES NEIGES,<br \/>\nMontr\u00e9al, H3S 1Z5<br \/>\nCanada<\/p>\n<p>514-733-7386<\/p>\n<p>info@revolucell.com<\/p>\n<p>revolucell.com<\/p>\n<p>box<\/p>\n<p>REVOLUCELL TERREBONNE<\/p>\n<p>line<\/p>\n<p>20<\/p>\n<p>default<\/p>\n<p>45.724772<\/p>\n<p>-73.665314<\/p>\n<p>13<\/p>\n<p>500<\/p>\n<p>ROADMAP<\/p>\n<p>https:\/\/revolucell.com\/wp-content\/uploads\/2017\/06\/revolu-single.png<\/p>\n<p>RevoluCell Terrebonne<\/p>\n<p>2287 CHEMIN GASCON,<br \/>\nTerrebonne, J6X 4H3<br \/>\nCanada<\/p>\n<p>450-326-0911<\/p>\n<p>info@revolucell.com<\/p>\n<p>revolucell.com<\/p>\n<p>box<\/p>\n","protected":false},"excerpt":{"rendered":"<p>R\u00e9paration Cellulaires En plus de la r\u00e9paration de t\u00e9l\u00e9phones portables, on vous offre une large s\u00e9lection d&rsquo;accessoires, de smartphones, de t\u00e9l\u00e9phones cellulaires et tablettes \u00e0 vendre<span class=\"excerpt-hellip\"> [\u2026]<\/span><\/p>\n","protected":false},"author":1,"featured_media":0,"parent":0,"menu_order":0,"comment_status":"closed","ping_status":"closed","template":"","meta":{"footnotes":""},"class_list":["post-168","page","type-page","status-publish","hentry"],"yoast_head":"<!-- This site is optimized with the Yoast SEO plugin v27.3 - https:\/\/yoast.com\/product\/yoast-seo-wordpress\/ -->\n<title>cellulaires et tablettes \u00e0 vendre \u00e0 des prix comp\u00e9titifs chez RevoluCell<\/title>\n<meta name=\"description\" content=\"RevoluCell vous offre une large s\u00e9lection de t\u00e9l\u00e9phones d&#039;accessoires, de smartphones, de t\u00e9l\u00e9phones cellulaires et tablettes \u00e0 vendre avec des prix tr\u00e8s comp\u00e9titifs.\" \/>\n<meta name=\"robots\" content=\"index, follow, max-snippet:-1, max-image-preview:large, max-video-preview:-1\" \/>\n<link rel=\"canonical\" href=\"https:\/\/revolucell.com\/fr\/contact\/\" \/>\n<meta property=\"og:locale\" content=\"fr_CA\" \/>\n<meta property=\"og:type\" content=\"article\" \/>\n<meta property=\"og:title\" content=\"cellulaires et tablettes \u00e0 vendre \u00e0 des prix comp\u00e9titifs chez RevoluCell\" \/>\n<meta property=\"og:description\" content=\"RevoluCell vous offre une large s\u00e9lection de t\u00e9l\u00e9phones d&#039;accessoires, de smartphones, de t\u00e9l\u00e9phones cellulaires et tablettes \u00e0 vendre avec des prix tr\u00e8s comp\u00e9titifs.\" \/>\n<meta property=\"og:url\" content=\"https:\/\/revolucell.com\/fr\/contact\/\" \/>\n<meta property=\"og:site_name\" content=\"REVOLUCELL\" \/>\n<meta property=\"article:publisher\" content=\"https:\/\/fr-ca.facebook.com\/revolucell\" \/>\n<meta property=\"article:modified_time\" content=\"2025-08-10T13:42:21+00:00\" \/>\n<meta property=\"og:image\" content=\"https:\/\/revolucell.com\/wp-content\/uploads\/2017\/06\/revolucell_960m.jpg\" \/>\n<meta name=\"twitter:card\" content=\"summary_large_image\" \/>\n<meta name=\"twitter:site\" content=\"@revolucell\" \/>\n<meta name=\"twitter:label1\" content=\"Estimation du temps de lecture\" \/>\n\t<meta name=\"twitter:data1\" content=\"2 minutes\" \/>\n<script type=\"application\/ld+json\" class=\"yoast-schema-graph\">{\"@context\":\"https:\\\/\\\/schema.org\",\"@graph\":[{\"@type\":\"WebPage\",\"@id\":\"https:\\\/\\\/revolucell.com\\\/fr\\\/contact\\\/\",\"url\":\"https:\\\/\\\/revolucell.com\\\/fr\\\/contact\\\/\",\"name\":\"cellulaires et tablettes \u00e0 vendre \u00e0 des prix comp\u00e9titifs chez RevoluCell\",\"isPartOf\":{\"@id\":\"https:\\\/\\\/revolucell.com\\\/fr\\\/#website\"},\"primaryImageOfPage\":{\"@id\":\"https:\\\/\\\/revolucell.com\\\/fr\\\/contact\\\/#primaryimage\"},\"image\":{\"@id\":\"https:\\\/\\\/revolucell.com\\\/fr\\\/contact\\\/#primaryimage\"},\"thumbnailUrl\":\"https:\\\/\\\/revolucell.com\\\/wp-content\\\/uploads\\\/2017\\\/06\\\/revolucell_960m.jpg\",\"datePublished\":\"2017-06-26T15:50:22+00:00\",\"dateModified\":\"2025-08-10T13:42:21+00:00\",\"description\":\"RevoluCell vous offre une large s\u00e9lection de t\u00e9l\u00e9phones d'accessoires, de smartphones, de t\u00e9l\u00e9phones cellulaires et tablettes \u00e0 vendre avec des prix tr\u00e8s comp\u00e9titifs.\",\"breadcrumb\":{\"@id\":\"https:\\\/\\\/revolucell.com\\\/fr\\\/contact\\\/#breadcrumb\"},\"inLanguage\":\"fr-CA\",\"potentialAction\":[{\"@type\":\"ReadAction\",\"target\":[\"https:\\\/\\\/revolucell.com\\\/fr\\\/contact\\\/\"]}]},{\"@type\":\"ImageObject\",\"inLanguage\":\"fr-CA\",\"@id\":\"https:\\\/\\\/revolucell.com\\\/fr\\\/contact\\\/#primaryimage\",\"url\":\"https:\\\/\\\/revolucell.com\\\/wp-content\\\/uploads\\\/2017\\\/06\\\/revolucell_960m.jpg\",\"contentUrl\":\"https:\\\/\\\/revolucell.com\\\/wp-content\\\/uploads\\\/2017\\\/06\\\/revolucell_960m.jpg\"},{\"@type\":\"BreadcrumbList\",\"@id\":\"https:\\\/\\\/revolucell.com\\\/fr\\\/contact\\\/#breadcrumb\",\"itemListElement\":[{\"@type\":\"ListItem\",\"position\":1,\"name\":\"Home\",\"item\":\"https:\\\/\\\/revolucell.com\\\/fr\\\/\"},{\"@type\":\"ListItem\",\"position\":2,\"name\":\"Contact\"}]},{\"@type\":\"WebSite\",\"@id\":\"https:\\\/\\\/revolucell.com\\\/fr\\\/#website\",\"url\":\"https:\\\/\\\/revolucell.com\\\/fr\\\/\",\"name\":\"REVOLUCELL\",\"description\":\"Cell Phone and tablet repair in Montreal\",\"publisher\":{\"@id\":\"https:\\\/\\\/revolucell.com\\\/fr\\\/#organization\"},\"potentialAction\":[{\"@type\":\"SearchAction\",\"target\":{\"@type\":\"EntryPoint\",\"urlTemplate\":\"https:\\\/\\\/revolucell.com\\\/fr\\\/?s={search_term_string}\"},\"query-input\":{\"@type\":\"PropertyValueSpecification\",\"valueRequired\":true,\"valueName\":\"search_term_string\"}}],\"inLanguage\":\"fr-CA\"},{\"@type\":\"Organization\",\"@id\":\"https:\\\/\\\/revolucell.com\\\/fr\\\/#organization\",\"name\":\"RevoluCell\",\"url\":\"https:\\\/\\\/revolucell.com\\\/fr\\\/\",\"logo\":{\"@type\":\"ImageObject\",\"inLanguage\":\"fr-CA\",\"@id\":\"https:\\\/\\\/revolucell.com\\\/fr\\\/#\\\/schema\\\/logo\\\/image\\\/\",\"url\":\"https:\\\/\\\/revolucell.com\\\/wp-content\\\/uploads\\\/2017\\\/06\\\/logo-f-revolucell.png\",\"contentUrl\":\"https:\\\/\\\/revolucell.com\\\/wp-content\\\/uploads\\\/2017\\\/06\\\/logo-f-revolucell.png\",\"width\":250,\"height\":100,\"caption\":\"RevoluCell\"},\"image\":{\"@id\":\"https:\\\/\\\/revolucell.com\\\/fr\\\/#\\\/schema\\\/logo\\\/image\\\/\"},\"sameAs\":[\"https:\\\/\\\/fr-ca.facebook.com\\\/revolucell\",\"https:\\\/\\\/x.com\\\/revolucell\",\"https:\\\/\\\/www.instagram.com\\\/revolucell\\\/\"]}]}<\/script>\n<!-- \/ Yoast SEO plugin. -->","yoast_head_json":{"title":"cellulaires et tablettes \u00e0 vendre \u00e0 des prix comp\u00e9titifs chez RevoluCell","description":"RevoluCell vous offre une large s\u00e9lection de t\u00e9l\u00e9phones d'accessoires, de smartphones, de t\u00e9l\u00e9phones cellulaires et tablettes \u00e0 vendre avec des prix tr\u00e8s comp\u00e9titifs.","robots":{"index":"index","follow":"follow","max-snippet":"max-snippet:-1","max-image-preview":"max-image-preview:large","max-video-preview":"max-video-preview:-1"},"canonical":"https:\/\/revolucell.com\/fr\/contact\/","og_locale":"fr_CA","og_type":"article","og_title":"cellulaires et tablettes \u00e0 vendre \u00e0 des prix comp\u00e9titifs chez RevoluCell","og_description":"RevoluCell vous offre une large s\u00e9lection de t\u00e9l\u00e9phones d'accessoires, de smartphones, de t\u00e9l\u00e9phones cellulaires et tablettes \u00e0 vendre avec des prix tr\u00e8s comp\u00e9titifs.","og_url":"https:\/\/revolucell.com\/fr\/contact\/","og_site_name":"REVOLUCELL","article_publisher":"https:\/\/fr-ca.facebook.com\/revolucell","article_modified_time":"2025-08-10T13:42:21+00:00","og_image":[{"url":"https:\/\/revolucell.com\/wp-content\/uploads\/2017\/06\/revolucell_960m.jpg","type":"","width":"","height":""}],"twitter_card":"summary_large_image","twitter_site":"@revolucell","twitter_misc":{"Estimation du temps de lecture":"2 minutes"},"schema":{"@context":"https:\/\/schema.org","@graph":[{"@type":"WebPage","@id":"https:\/\/revolucell.com\/fr\/contact\/","url":"https:\/\/revolucell.com\/fr\/contact\/","name":"cellulaires et tablettes \u00e0 vendre \u00e0 des prix comp\u00e9titifs chez RevoluCell","isPartOf":{"@id":"https:\/\/revolucell.com\/fr\/#website"},"primaryImageOfPage":{"@id":"https:\/\/revolucell.com\/fr\/contact\/#primaryimage"},"image":{"@id":"https:\/\/revolucell.com\/fr\/contact\/#primaryimage"},"thumbnailUrl":"https:\/\/revolucell.com\/wp-content\/uploads\/2017\/06\/revolucell_960m.jpg","datePublished":"2017-06-26T15:50:22+00:00","dateModified":"2025-08-10T13:42:21+00:00","description":"RevoluCell vous offre une large s\u00e9lection de t\u00e9l\u00e9phones d'accessoires, de smartphones, de t\u00e9l\u00e9phones cellulaires et tablettes \u00e0 vendre avec des prix tr\u00e8s comp\u00e9titifs.","breadcrumb":{"@id":"https:\/\/revolucell.com\/fr\/contact\/#breadcrumb"},"inLanguage":"fr-CA","potentialAction":[{"@type":"ReadAction","target":["https:\/\/revolucell.com\/fr\/contact\/"]}]},{"@type":"ImageObject","inLanguage":"fr-CA","@id":"https:\/\/revolucell.com\/fr\/contact\/#primaryimage","url":"https:\/\/revolucell.com\/wp-content\/uploads\/2017\/06\/revolucell_960m.jpg","contentUrl":"https:\/\/revolucell.com\/wp-content\/uploads\/2017\/06\/revolucell_960m.jpg"},{"@type":"BreadcrumbList","@id":"https:\/\/revolucell.com\/fr\/contact\/#breadcrumb","itemListElement":[{"@type":"ListItem","position":1,"name":"Home","item":"https:\/\/revolucell.com\/fr\/"},{"@type":"ListItem","position":2,"name":"Contact"}]},{"@type":"WebSite","@id":"https:\/\/revolucell.com\/fr\/#website","url":"https:\/\/revolucell.com\/fr\/","name":"REVOLUCELL","description":"Cell Phone and tablet repair in Montreal","publisher":{"@id":"https:\/\/revolucell.com\/fr\/#organization"},"potentialAction":[{"@type":"SearchAction","target":{"@type":"EntryPoint","urlTemplate":"https:\/\/revolucell.com\/fr\/?s={search_term_string}"},"query-input":{"@type":"PropertyValueSpecification","valueRequired":true,"valueName":"search_term_string"}}],"inLanguage":"fr-CA"},{"@type":"Organization","@id":"https:\/\/revolucell.com\/fr\/#organization","name":"RevoluCell","url":"https:\/\/revolucell.com\/fr\/","logo":{"@type":"ImageObject","inLanguage":"fr-CA","@id":"https:\/\/revolucell.com\/fr\/#\/schema\/logo\/image\/","url":"https:\/\/revolucell.com\/wp-content\/uploads\/2017\/06\/logo-f-revolucell.png","contentUrl":"https:\/\/revolucell.com\/wp-content\/uploads\/2017\/06\/logo-f-revolucell.png","width":250,"height":100,"caption":"RevoluCell"},"image":{"@id":"https:\/\/revolucell.com\/fr\/#\/schema\/logo\/image\/"},"sameAs":["https:\/\/fr-ca.facebook.com\/revolucell","https:\/\/x.com\/revolucell","https:\/\/www.instagram.com\/revolucell\/"]}]}},"_links":{"self":[{"href":"https:\/\/revolucell.com\/fr\/wp-json\/wp\/v2\/pages\/168","targetHints":{"allow":["GET"]}}],"collection":[{"href":"https:\/\/revolucell.com\/fr\/wp-json\/wp\/v2\/pages"}],"about":[{"href":"https:\/\/revolucell.com\/fr\/wp-json\/wp\/v2\/types\/page"}],"author":[{"embeddable":true,"href":"https:\/\/revolucell.com\/fr\/wp-json\/wp\/v2\/users\/1"}],"replies":[{"embeddable":true,"href":"https:\/\/revolucell.com\/fr\/wp-json\/wp\/v2\/comments?post=168"}],"version-history":[{"count":13,"href":"https:\/\/revolucell.com\/fr\/wp-json\/wp\/v2\/pages\/168\/revisions"}],"predecessor-version":[{"id":1042,"href":"https:\/\/revolucell.com\/fr\/wp-json\/wp\/v2\/pages\/168\/revisions\/1042"}],"wp:attachment":[{"href":"https:\/\/revolucell.com\/fr\/wp-json\/wp\/v2\/media?parent=168"}],"curies":[{"name":"wp","href":"https:\/\/api.w.org\/{rel}","templated":true}]}}