{"id":167,"date":"2017-06-27T09:41:21","date_gmt":"2017-06-27T13:41:21","guid":{"rendered":"http:\/\/revolucell.com\/services\/"},"modified":"2025-08-10T10:33:40","modified_gmt":"2025-08-10T14:33:40","slug":"services","status":"publish","type":"page","link":"https:\/\/revolucell.com\/fr\/services\/","title":{"rendered":"Services"},"content":{"rendered":"<p><img decoding=\"async\" src=\"https:\/\/revolucell.com\/wp-content\/uploads\/2018\/12\/revolucell-repair.jpg\" alt=\"revolucell-repair\"><\/p>\n<h2 style=\"color: #D63C65;\">R\u00e9paration Cellulaire &amp; Tablette<\/h2>\n<p><hr class=\"no_line\" style=\"margin: 0 auto 15px auto\"\/>\n<br \/>\n<div class=\"image_frame image_item no_link scale-with-grid element_classes alignnone no_border mfn-img-box\" ><div class=\"image_wrapper\"><img loading=\"lazy\" decoding=\"async\" width=\"199\" height=\"9\" src=\"https:\/\/revolucell.com\/wp-content\/uploads\/2017\/06\/separateur.png\" class=\"scale-with-grid\" alt=\"\" style=\"\" srcset=\"https:\/\/revolucell.com\/wp-content\/uploads\/2017\/06\/separateur.png 199w, https:\/\/revolucell.com\/wp-content\/uploads\/2017\/06\/separateur-50x2.png 50w, https:\/\/revolucell.com\/wp-content\/uploads\/2017\/06\/separateur-150x7.png 150w, https:\/\/revolucell.com\/wp-content\/uploads\/2017\/06\/separateur-20x1.png 20w\" sizes=\"auto, (max-width:767px) 199px, 199px\" \/><\/div><\/div>\n<br \/>\n<hr class=\"no_line\" style=\"margin: 0 auto 15px auto\"\/>\n<\/p>\n<p class=\"big\">Si votre cellulaire ou votre tableltte ne d\u00e9marre plus, une vitre ou un \u00e9cran cass\u00e9, il a pris l&rsquo;eau, une batterie qui ne tient pas la charge, ou encore une pi\u00e8ce qui ne fonctionne plus ? Pas de panique! Revolucell est l\u00e0 pour vous aider.<\/p>\n<p class=\"big\">On r\u00e9pare tous les mod\u00e8les: Samsung, Apple, Blackberry, LG, HTC&#8230; Nous rempla\u00e7ons des \u00e9crans LCD, les vitres, les batteries, les ports de charge, les boutons d&rsquo;allumage, ainsi que le nettoyage de carte m\u00e8re pour le dommage d&rsquo;eau&#8230;<\/p>\n<p class=\"big\">Nous avons la majorit\u00e9 des pi\u00e8ces en stock. Nos prix sont tr\u00e8s comp\u00e9titifs et nos techniciens  sont rapides et efficaces. on offre une garantie sur toutes nos r\u00e9parations.<\/p>\n<h4>Revolucell \u00e0 toujours une solution pour vous!<\/h4>\n<p>default<\/p>\n<p>default<\/p>\n<p><img decoding=\"async\" src=\"https:\/\/revolucell.com\/wp-content\/uploads\/2018\/12\/micro-soudeur1.jpg\" alt=\"micro-soudeur1\"><\/p>\n<h2 style=\"color: #D63C65;\">Micro Soudure<\/h2>\n<p><hr class=\"no_line\" style=\"margin: 0 auto 20px auto\"\/>\n<br \/>\n<div class=\"image_frame image_item no_link scale-with-grid element_classes alignnone no_border mfn-img-box\" ><div class=\"image_wrapper\"><img loading=\"lazy\" decoding=\"async\" width=\"199\" height=\"9\" src=\"https:\/\/revolucell.com\/wp-content\/uploads\/2017\/06\/separateur.png\" class=\"scale-with-grid\" alt=\"\" style=\"\" srcset=\"https:\/\/revolucell.com\/wp-content\/uploads\/2017\/06\/separateur.png 199w, https:\/\/revolucell.com\/wp-content\/uploads\/2017\/06\/separateur-50x2.png 50w, https:\/\/revolucell.com\/wp-content\/uploads\/2017\/06\/separateur-150x7.png 150w, https:\/\/revolucell.com\/wp-content\/uploads\/2017\/06\/separateur-20x1.png 20w\" sizes=\"auto, (max-width:767px) 199px, 199px\" \/><\/div><\/div>\n<br \/>\n<hr class=\"no_line\" style=\"margin: 0 auto 20px auto\"\/>\n<\/p>\n<p class=\"big\">Notre m\u00e9tier ne s\u2019arr\u00eate pas au remplacement  d&rsquo;\u00e9cran LCD, de batteries, de bouton home ou d&rsquo;allumage\u2026 Nous sommes aussi des sp\u00e9cialistes en micro soudure capable remplacer divers composants sur la carte m\u00e8re tels que r\u00e9sistances, connecteurs, chipsets \u2026 et d&rsquo;interpr\u00e9ter des sch\u00e9mas \u00e9lectroniques afin de diagnostiquer et r\u00e9parer les pannes : panne r\u00e9tro \u00e9clairage, panne tactile, panne de charge, panne Bluetooth \/ WiFi, panne de micro, panne de son, panne de camera, panne de NAN, lecteur carte SIM, Erreur 4005 \/4013 \/ 4014, 5 \u2026.<\/p>\n<p>default<\/p>\n<p>default<\/p>\n<p><img decoding=\"async\" src=\"https:\/\/revolucell.com\/wp-content\/uploads\/2018\/12\/adomicile.jpg\" alt=\"adomicile\"><\/p>\n<h2 style=\"color: #D63C65;\">R\u00e9paration \u00e0 domicile<\/h2>\n<p><hr class=\"no_line\" style=\"margin: 0 auto 20px auto\"\/>\n<br \/>\n<div class=\"image_frame image_item no_link scale-with-grid element_classes alignnone no_border mfn-img-box\" ><div class=\"image_wrapper\"><img loading=\"lazy\" decoding=\"async\" width=\"199\" height=\"9\" src=\"https:\/\/revolucell.com\/wp-content\/uploads\/2017\/06\/separateur.png\" class=\"scale-with-grid\" alt=\"\" style=\"\" srcset=\"https:\/\/revolucell.com\/wp-content\/uploads\/2017\/06\/separateur.png 199w, https:\/\/revolucell.com\/wp-content\/uploads\/2017\/06\/separateur-50x2.png 50w, https:\/\/revolucell.com\/wp-content\/uploads\/2017\/06\/separateur-150x7.png 150w, https:\/\/revolucell.com\/wp-content\/uploads\/2017\/06\/separateur-20x1.png 20w\" sizes=\"auto, (max-width:767px) 199px, 199px\" \/><\/div><\/div>\n<br \/>\n<hr class=\"no_line\" style=\"margin: 0 auto 20px auto\"\/>\n<\/p>\n<p class=\"big\">Nous avons lanc\u00e9 un service de r\u00e9paration \u00e0 domicile dans le grand Montr\u00e9al. plus besoin de vous d\u00e9placer, l\u2019un de nos techniciens se d\u00e9place pour r\u00e9parer votre iPhone \u00e0 l&rsquo;endroit qui vous convient (\u00e0 la maison, au bureau, dans un caf\u00e9 ou dans notre v\u00e9hicule sp\u00e9cialement \u00e9quip\u00e9 pour \u00e7a). La r\u00e9paration s&rsquo;effectuera en 30 min, en toute transparence devant vous. Pour le moment notre service se limite \u00e0 la r\u00e9paration d&rsquo;iPhone (LCD, Batterie et connecteur de charge.<br \/>\nSi certaines pannes n\u00e9cessitent un diagnostic approfondi ou un temps d\u2019intervention plus long, la r\u00e9paration se fera en atelier par nos techniciens et votre appareil vous sera livr\u00e9 en main propre \u00e0 votre domicile ou votre lieu de travail par la suite.<\/p>\n<p>default<\/p>\n<p>default<\/p>\n<p><img decoding=\"async\" src=\"https:\/\/revolucell.com\/wp-content\/uploads\/2018\/12\/unlock3.jpg\" alt=\"unlock3\"><\/p>\n<h2 style=\"color: #D63C65;\">D\u00e9blocage Mobile<\/h2>\n<p><hr class=\"no_line\" style=\"margin: 0 auto 15px auto\"\/>\n<br \/>\n<div class=\"image_frame image_item no_link scale-with-grid element_classes alignnone no_border mfn-img-box\" ><div class=\"image_wrapper\"><img loading=\"lazy\" decoding=\"async\" width=\"199\" height=\"9\" src=\"https:\/\/revolucell.com\/wp-content\/uploads\/2017\/06\/separateur.png\" class=\"scale-with-grid\" alt=\"\" style=\"\" srcset=\"https:\/\/revolucell.com\/wp-content\/uploads\/2017\/06\/separateur.png 199w, https:\/\/revolucell.com\/wp-content\/uploads\/2017\/06\/separateur-50x2.png 50w, https:\/\/revolucell.com\/wp-content\/uploads\/2017\/06\/separateur-150x7.png 150w, https:\/\/revolucell.com\/wp-content\/uploads\/2017\/06\/separateur-20x1.png 20w\" sizes=\"auto, (max-width:767px) 199px, 199px\" \/><\/div><\/div>\n<br \/>\n<hr class=\"no_line\" style=\"margin: 0 auto 15px auto\"\/>\n<\/p>\n<p class=\"big\">Si vous compter partir en voyage mais votre t\u00e9l\u00e9phone cellulaire est bloqu\u00e9 ou si vous aimeriez changer d\u2019op\u00e9rateur parce-que vous payez trop cher. R\u00e9volucell a une solution pour vous ! d\u00e9bloquez votre cellulaire, c&rsquo;est la fa\u00e7on la plus simple de garder le m\u00eame t\u00e9l\u00e9phone toute en changeant de carte SIM. Nous avons une solution pour plus de 90% des t\u00e9l\u00e9phones sur le march\u00e9.<br \/>\nOn a plusieurs fa\u00e7ons de d\u00e9bloquer un cellulaire suivant la marque et mod\u00e8le. Nous avons soit des machines sp\u00e9ciales qui peuvent d\u00e9bloquer des cellulaires en moins de 2 minutes sur place. ou Pour d&rsquo;autres mod\u00e8les, nous avons des serveurs qui retourne la majorit\u00e9 des codes en moins de 24 heures. L&rsquo;avantage c&rsquo;est que vous gardez votre appareil.<br \/>\nNous avons plus de 10 ans d&rsquo;exp\u00e9rience dans le domaine de d\u00e9blocage de t\u00e9l\u00e9phones cellulaires. Nous avons la solutions pour les t\u00e9l\u00e9phones \u00ab\u00a0bricked\u00a0\u00bb , les versions endommag\u00e9s ou m\u00eame flasher les roms originales dans l&rsquo;appareil. \u00c9vitez les maux de t\u00eate et les arnaques sur l&rsquo;internet! Laissez nous prendre soin de votre t\u00e9l\u00e9phone ! Nous sommes des sp\u00e9cialistes de d\u00e9blocage cellulaires \u00e0 Montr\u00e9al.<\/p>\n<p>default<\/p>\n<p>default<\/p>\n<p><img decoding=\"async\" src=\"https:\/\/revolucell.com\/wp-content\/uploads\/2018\/12\/Service-mobile.jpg\" alt=\"Service-mobile\"><\/p>\n<h2 style=\"color: #D63C65;\">Distributeur Service T\u00e9l\u00e9phonique\u200e<\/h2>\n<p><hr class=\"no_line\" style=\"margin: 0 auto 15px auto\"\/>\n<br \/>\n<div class=\"image_frame image_item no_link scale-with-grid element_classes alignnone no_border mfn-img-box\" ><div class=\"image_wrapper\"><img loading=\"lazy\" decoding=\"async\" width=\"199\" height=\"9\" src=\"https:\/\/revolucell.com\/wp-content\/uploads\/2017\/06\/separateur.png\" class=\"scale-with-grid\" alt=\"\" style=\"\" srcset=\"https:\/\/revolucell.com\/wp-content\/uploads\/2017\/06\/separateur.png 199w, https:\/\/revolucell.com\/wp-content\/uploads\/2017\/06\/separateur-50x2.png 50w, https:\/\/revolucell.com\/wp-content\/uploads\/2017\/06\/separateur-150x7.png 150w, https:\/\/revolucell.com\/wp-content\/uploads\/2017\/06\/separateur-20x1.png 20w\" sizes=\"auto, (max-width:767px) 199px, 199px\" \/><\/div><\/div>\n<br \/>\n<hr class=\"no_line\" style=\"margin: 0 auto 15px auto\"\/>\n<\/p>\n<p class=\"big\">Nous sommes des distributeurs autoris\u00e9s de services t\u00e9l\u00e9phonique\u200e.<br \/>\nSi vous cherchez des forfaits pr\u00e9pay\u00e9 les moins ch\u00e8res du march\u00e9 avec : Aucune v\u00e9rification de cr\u00e9dit. Aucun contrat \u00e0 long terme. Aucuns frais inattendus pour les donn\u00e9es exc\u00e9dentaires avec des appels internationaux abordables. Vous avez des forfaits avec appels illimit\u00e9s \u00e0 partir de 20 $\/mois.<\/p>\n<p class=\"big\">Tous les forfaits comprennent :<br \/>\nAppels et textos entrants illimit\u00e9s, Messagerie vocale, Afficheur, Appel en attente, Conf\u00e9rence \u00e0 trois \u2026<\/p>\n<p class=\"big\">contactez-nous pour plus d&rsquo;informations.<\/p>\n<p>default<\/p>\n<p>default<\/p>\n<p><img decoding=\"async\" src=\"https:\/\/revolucell.com\/wp-content\/uploads\/2018\/12\/cellulaires_960.jpg\" alt=\"cellulaires_960\"><\/p>\n<h2 style=\"color: #D63C65;\">Vente Cellulaires &amp; Accessoires<\/h2>\n<p><hr class=\"no_line\" style=\"margin: 0 auto 15px auto\"\/>\n<br \/>\n<div class=\"image_frame image_item no_link scale-with-grid element_classes alignnone no_border mfn-img-box\" ><div class=\"image_wrapper\"><img loading=\"lazy\" decoding=\"async\" width=\"199\" height=\"9\" src=\"https:\/\/revolucell.com\/wp-content\/uploads\/2017\/06\/separateur.png\" class=\"scale-with-grid\" alt=\"\" style=\"\" srcset=\"https:\/\/revolucell.com\/wp-content\/uploads\/2017\/06\/separateur.png 199w, https:\/\/revolucell.com\/wp-content\/uploads\/2017\/06\/separateur-50x2.png 50w, https:\/\/revolucell.com\/wp-content\/uploads\/2017\/06\/separateur-150x7.png 150w, https:\/\/revolucell.com\/wp-content\/uploads\/2017\/06\/separateur-20x1.png 20w\" sizes=\"auto, (max-width:767px) 199px, 199px\" \/><\/div><\/div>\n<br \/>\n<hr class=\"no_line\" style=\"margin: 0 auto 15px auto\"\/>\n<\/p>\n<p class=\"big\">Nous avons une large s\u00e9lection d&rsquo;accessoires, de t\u00e9l\u00e9phones cellulaires et de tablettes \u00e0 vendre :<\/p>\n<p class=\"big\">Que vous soyez \u00e0 la recherche d\u2019accessoires pour votre iPhone, votre Samsung ou tout autre t\u00e9l\u00e9phone portable vous trouverez dans notre boutique des protecteurs d\u2019\u00e9cran, des chargeurs, des \u00e9tuis, des batteries, des kits mains libres, des \u00e9couteurs &amp; Casques, des housses, des c\u00e2bles &amp; adaptateurs, des supports &amp; fixation, des oreillettes bluetooth, des chargeurs allume cigares, des t\u00e9l\u00e9phones cellulaires, des tablette tactile et bien plus !<\/p>\n<p class=\"big\">Nous vous offrons une panoplie de choix \u00e0 des prix tr\u00e8s comp\u00e9titifs !<\/p>\n","protected":false},"excerpt":{"rendered":"<p>R\u00e9paration Cellulaire &amp; Tablette Si votre cellulaire ou votre tableltte ne d\u00e9marre plus, une vitre ou un \u00e9cran cass\u00e9, il a pris l&rsquo;eau, une batterie qui<span class=\"excerpt-hellip\"> [\u2026]<\/span><\/p>\n","protected":false},"author":1,"featured_media":0,"parent":0,"menu_order":0,"comment_status":"closed","ping_status":"closed","template":"","meta":{"footnotes":""},"class_list":["post-167","page","type-page","status-publish","hentry"],"yoast_head":"<!-- This site is optimized with the Yoast SEO plugin v27.3 - https:\/\/yoast.com\/product\/yoast-seo-wordpress\/ -->\n<title>R\u00e9paration \u00e9cran cass\u00e9, vitre, batterie, port de charge des cellulaires<\/title>\n<meta name=\"description\" content=\"Si votre cellulaire ne d\u00e9marre plus, une vitre ou un \u00e9cran cass\u00e9, il a pris l&#039;eau, une batterie qui ne tient pas la charge, ou encore une pi\u00e8ce qui ne fonctionne plus ? Pas de panique! R\u00e9volucell est l\u00e0 pour vous aider.\" \/>\n<meta name=\"robots\" content=\"index, follow, max-snippet:-1, max-image-preview:large, max-video-preview:-1\" \/>\n<link rel=\"canonical\" href=\"https:\/\/revolucell.com\/services\/\" \/>\n<meta property=\"og:locale\" content=\"fr_CA\" \/>\n<meta property=\"og:type\" content=\"article\" \/>\n<meta property=\"og:title\" content=\"R\u00e9paration \u00e9cran cass\u00e9, vitre, batterie, port de charge des cellulaires\" \/>\n<meta property=\"og:description\" content=\"Si votre cellulaire ne d\u00e9marre plus, une vitre ou un \u00e9cran cass\u00e9, il a pris l&#039;eau, une batterie qui ne tient pas la charge, ou encore une pi\u00e8ce qui ne fonctionne plus ? Pas de panique! R\u00e9volucell est l\u00e0 pour vous aider.\" \/>\n<meta property=\"og:url\" content=\"https:\/\/revolucell.com\/services\/\" \/>\n<meta property=\"og:site_name\" content=\"REVOLUCELL\" \/>\n<meta property=\"article:publisher\" content=\"https:\/\/fr-ca.facebook.com\/revolucell\" \/>\n<meta property=\"article:modified_time\" content=\"2025-08-10T14:33:40+00:00\" \/>\n<meta property=\"og:image\" content=\"https:\/\/revolucell.com\/wp-content\/uploads\/2018\/12\/revolucell-repair.jpg\" \/>\n<meta name=\"twitter:card\" content=\"summary_large_image\" \/>\n<meta name=\"twitter:site\" content=\"@revolucell\" \/>\n<meta name=\"twitter:label1\" content=\"Estimation du temps de lecture\" \/>\n\t<meta name=\"twitter:data1\" content=\"4 minutes\" \/>\n<script type=\"application\/ld+json\" class=\"yoast-schema-graph\">{\"@context\":\"https:\\\/\\\/schema.org\",\"@graph\":[{\"@type\":\"WebPage\",\"@id\":\"https:\\\/\\\/revolucell.com\\\/services\\\/\",\"url\":\"https:\\\/\\\/revolucell.com\\\/services\\\/\",\"name\":\"R\u00e9paration \u00e9cran cass\u00e9, vitre, batterie, port de charge des cellulaires\",\"isPartOf\":{\"@id\":\"https:\\\/\\\/revolucell.com\\\/fr\\\/#website\"},\"primaryImageOfPage\":{\"@id\":\"https:\\\/\\\/revolucell.com\\\/services\\\/#primaryimage\"},\"image\":{\"@id\":\"https:\\\/\\\/revolucell.com\\\/services\\\/#primaryimage\"},\"thumbnailUrl\":\"https:\\\/\\\/revolucell.com\\\/wp-content\\\/uploads\\\/2018\\\/12\\\/revolucell-repair.jpg\",\"datePublished\":\"2017-06-27T13:41:21+00:00\",\"dateModified\":\"2025-08-10T14:33:40+00:00\",\"description\":\"Si votre cellulaire ne d\u00e9marre plus, une vitre ou un \u00e9cran cass\u00e9, il a pris l'eau, une batterie qui ne tient pas la charge, ou encore une pi\u00e8ce qui ne fonctionne plus ? Pas de panique! R\u00e9volucell est l\u00e0 pour vous aider.\",\"breadcrumb\":{\"@id\":\"https:\\\/\\\/revolucell.com\\\/services\\\/#breadcrumb\"},\"inLanguage\":\"fr-CA\",\"potentialAction\":[{\"@type\":\"ReadAction\",\"target\":[\"https:\\\/\\\/revolucell.com\\\/services\\\/\"]}]},{\"@type\":\"ImageObject\",\"inLanguage\":\"fr-CA\",\"@id\":\"https:\\\/\\\/revolucell.com\\\/services\\\/#primaryimage\",\"url\":\"https:\\\/\\\/revolucell.com\\\/wp-content\\\/uploads\\\/2018\\\/12\\\/revolucell-repair.jpg\",\"contentUrl\":\"https:\\\/\\\/revolucell.com\\\/wp-content\\\/uploads\\\/2018\\\/12\\\/revolucell-repair.jpg\"},{\"@type\":\"BreadcrumbList\",\"@id\":\"https:\\\/\\\/revolucell.com\\\/services\\\/#breadcrumb\",\"itemListElement\":[{\"@type\":\"ListItem\",\"position\":1,\"name\":\"Home\",\"item\":\"https:\\\/\\\/revolucell.com\\\/fr\\\/\"},{\"@type\":\"ListItem\",\"position\":2,\"name\":\"Services\"}]},{\"@type\":\"WebSite\",\"@id\":\"https:\\\/\\\/revolucell.com\\\/fr\\\/#website\",\"url\":\"https:\\\/\\\/revolucell.com\\\/fr\\\/\",\"name\":\"REVOLUCELL\",\"description\":\"Cell Phone and tablet repair in Montreal\",\"publisher\":{\"@id\":\"https:\\\/\\\/revolucell.com\\\/fr\\\/#organization\"},\"potentialAction\":[{\"@type\":\"SearchAction\",\"target\":{\"@type\":\"EntryPoint\",\"urlTemplate\":\"https:\\\/\\\/revolucell.com\\\/fr\\\/?s={search_term_string}\"},\"query-input\":{\"@type\":\"PropertyValueSpecification\",\"valueRequired\":true,\"valueName\":\"search_term_string\"}}],\"inLanguage\":\"fr-CA\"},{\"@type\":\"Organization\",\"@id\":\"https:\\\/\\\/revolucell.com\\\/fr\\\/#organization\",\"name\":\"RevoluCell\",\"url\":\"https:\\\/\\\/revolucell.com\\\/fr\\\/\",\"logo\":{\"@type\":\"ImageObject\",\"inLanguage\":\"fr-CA\",\"@id\":\"https:\\\/\\\/revolucell.com\\\/fr\\\/#\\\/schema\\\/logo\\\/image\\\/\",\"url\":\"https:\\\/\\\/revolucell.com\\\/wp-content\\\/uploads\\\/2017\\\/06\\\/logo-f-revolucell.png\",\"contentUrl\":\"https:\\\/\\\/revolucell.com\\\/wp-content\\\/uploads\\\/2017\\\/06\\\/logo-f-revolucell.png\",\"width\":250,\"height\":100,\"caption\":\"RevoluCell\"},\"image\":{\"@id\":\"https:\\\/\\\/revolucell.com\\\/fr\\\/#\\\/schema\\\/logo\\\/image\\\/\"},\"sameAs\":[\"https:\\\/\\\/fr-ca.facebook.com\\\/revolucell\",\"https:\\\/\\\/x.com\\\/revolucell\",\"https:\\\/\\\/www.instagram.com\\\/revolucell\\\/\"]}]}<\/script>\n<!-- \/ Yoast SEO plugin. -->","yoast_head_json":{"title":"R\u00e9paration \u00e9cran cass\u00e9, vitre, batterie, port de charge des cellulaires","description":"Si votre cellulaire ne d\u00e9marre plus, une vitre ou un \u00e9cran cass\u00e9, il a pris l'eau, une batterie qui ne tient pas la charge, ou encore une pi\u00e8ce qui ne fonctionne plus ? Pas de panique! R\u00e9volucell est l\u00e0 pour vous aider.","robots":{"index":"index","follow":"follow","max-snippet":"max-snippet:-1","max-image-preview":"max-image-preview:large","max-video-preview":"max-video-preview:-1"},"canonical":"https:\/\/revolucell.com\/services\/","og_locale":"fr_CA","og_type":"article","og_title":"R\u00e9paration \u00e9cran cass\u00e9, vitre, batterie, port de charge des cellulaires","og_description":"Si votre cellulaire ne d\u00e9marre plus, une vitre ou un \u00e9cran cass\u00e9, il a pris l'eau, une batterie qui ne tient pas la charge, ou encore une pi\u00e8ce qui ne fonctionne plus ? Pas de panique! R\u00e9volucell est l\u00e0 pour vous aider.","og_url":"https:\/\/revolucell.com\/services\/","og_site_name":"REVOLUCELL","article_publisher":"https:\/\/fr-ca.facebook.com\/revolucell","article_modified_time":"2025-08-10T14:33:40+00:00","og_image":[{"url":"https:\/\/revolucell.com\/wp-content\/uploads\/2018\/12\/revolucell-repair.jpg","type":"","width":"","height":""}],"twitter_card":"summary_large_image","twitter_site":"@revolucell","twitter_misc":{"Estimation du temps de lecture":"4 minutes"},"schema":{"@context":"https:\/\/schema.org","@graph":[{"@type":"WebPage","@id":"https:\/\/revolucell.com\/services\/","url":"https:\/\/revolucell.com\/services\/","name":"R\u00e9paration \u00e9cran cass\u00e9, vitre, batterie, port de charge des cellulaires","isPartOf":{"@id":"https:\/\/revolucell.com\/fr\/#website"},"primaryImageOfPage":{"@id":"https:\/\/revolucell.com\/services\/#primaryimage"},"image":{"@id":"https:\/\/revolucell.com\/services\/#primaryimage"},"thumbnailUrl":"https:\/\/revolucell.com\/wp-content\/uploads\/2018\/12\/revolucell-repair.jpg","datePublished":"2017-06-27T13:41:21+00:00","dateModified":"2025-08-10T14:33:40+00:00","description":"Si votre cellulaire ne d\u00e9marre plus, une vitre ou un \u00e9cran cass\u00e9, il a pris l'eau, une batterie qui ne tient pas la charge, ou encore une pi\u00e8ce qui ne fonctionne plus ? Pas de panique! R\u00e9volucell est l\u00e0 pour vous aider.","breadcrumb":{"@id":"https:\/\/revolucell.com\/services\/#breadcrumb"},"inLanguage":"fr-CA","potentialAction":[{"@type":"ReadAction","target":["https:\/\/revolucell.com\/services\/"]}]},{"@type":"ImageObject","inLanguage":"fr-CA","@id":"https:\/\/revolucell.com\/services\/#primaryimage","url":"https:\/\/revolucell.com\/wp-content\/uploads\/2018\/12\/revolucell-repair.jpg","contentUrl":"https:\/\/revolucell.com\/wp-content\/uploads\/2018\/12\/revolucell-repair.jpg"},{"@type":"BreadcrumbList","@id":"https:\/\/revolucell.com\/services\/#breadcrumb","itemListElement":[{"@type":"ListItem","position":1,"name":"Home","item":"https:\/\/revolucell.com\/fr\/"},{"@type":"ListItem","position":2,"name":"Services"}]},{"@type":"WebSite","@id":"https:\/\/revolucell.com\/fr\/#website","url":"https:\/\/revolucell.com\/fr\/","name":"REVOLUCELL","description":"Cell Phone and tablet repair in Montreal","publisher":{"@id":"https:\/\/revolucell.com\/fr\/#organization"},"potentialAction":[{"@type":"SearchAction","target":{"@type":"EntryPoint","urlTemplate":"https:\/\/revolucell.com\/fr\/?s={search_term_string}"},"query-input":{"@type":"PropertyValueSpecification","valueRequired":true,"valueName":"search_term_string"}}],"inLanguage":"fr-CA"},{"@type":"Organization","@id":"https:\/\/revolucell.com\/fr\/#organization","name":"RevoluCell","url":"https:\/\/revolucell.com\/fr\/","logo":{"@type":"ImageObject","inLanguage":"fr-CA","@id":"https:\/\/revolucell.com\/fr\/#\/schema\/logo\/image\/","url":"https:\/\/revolucell.com\/wp-content\/uploads\/2017\/06\/logo-f-revolucell.png","contentUrl":"https:\/\/revolucell.com\/wp-content\/uploads\/2017\/06\/logo-f-revolucell.png","width":250,"height":100,"caption":"RevoluCell"},"image":{"@id":"https:\/\/revolucell.com\/fr\/#\/schema\/logo\/image\/"},"sameAs":["https:\/\/fr-ca.facebook.com\/revolucell","https:\/\/x.com\/revolucell","https:\/\/www.instagram.com\/revolucell\/"]}]}},"_links":{"self":[{"href":"https:\/\/revolucell.com\/fr\/wp-json\/wp\/v2\/pages\/167","targetHints":{"allow":["GET"]}}],"collection":[{"href":"https:\/\/revolucell.com\/fr\/wp-json\/wp\/v2\/pages"}],"about":[{"href":"https:\/\/revolucell.com\/fr\/wp-json\/wp\/v2\/types\/page"}],"author":[{"embeddable":true,"href":"https:\/\/revolucell.com\/fr\/wp-json\/wp\/v2\/users\/1"}],"replies":[{"embeddable":true,"href":"https:\/\/revolucell.com\/fr\/wp-json\/wp\/v2\/comments?post=167"}],"version-history":[{"count":8,"href":"https:\/\/revolucell.com\/fr\/wp-json\/wp\/v2\/pages\/167\/revisions"}],"predecessor-version":[{"id":842,"href":"https:\/\/revolucell.com\/fr\/wp-json\/wp\/v2\/pages\/167\/revisions\/842"}],"wp:attachment":[{"href":"https:\/\/revolucell.com\/fr\/wp-json\/wp\/v2\/media?parent=167"}],"curies":[{"name":"wp","href":"https:\/\/api.w.org\/{rel}","templated":true}]}}