{"id":1628,"date":"2025-08-16T15:07:44","date_gmt":"2025-08-16T19:07:44","guid":{"rendered":"https:\/\/revolucell.com\/rental-phone-refurbishment-in-montreal-and-terrebonne\/"},"modified":"2025-08-16T15:31:20","modified_gmt":"2025-08-16T19:31:20","slug":"remise-en-etat-de-telephones-loues-a-montreal-et-terrebonne","status":"publish","type":"page","link":"https:\/\/revolucell.com\/fr\/remise-en-etat-de-telephones-loues-a-montreal-et-terrebonne\/","title":{"rendered":"Remise en \u00e9tat de t\u00e9l\u00e9phones lou\u00e9s \u00e0 Montr\u00e9al et Terrebonne"},"content":{"rendered":"","protected":false},"excerpt":{"rendered":"","protected":false},"author":1,"featured_media":0,"parent":0,"menu_order":0,"comment_status":"closed","ping_status":"closed","template":"","meta":{"footnotes":""},"class_list":["post-1628","page","type-page","status-publish","hentry"],"yoast_head":"<!-- This site is optimized with the Yoast SEO plugin v27.3 - https:\/\/yoast.com\/product\/yoast-seo-wordpress\/ -->\n<title>Remise en \u00e9tat de t\u00e9l\u00e9phones lou\u00e9s \u00e0 Montr\u00e9al et Terrebonne - REVOLUCELL<\/title>\n<meta name=\"robots\" content=\"index, follow, max-snippet:-1, max-image-preview:large, max-video-preview:-1\" \/>\n<link rel=\"canonical\" href=\"https:\/\/revolucell.com\/fr\/remise-en-etat-de-telephones-loues-a-montreal-et-terrebonne\/\" \/>\n<meta property=\"og:locale\" content=\"fr_CA\" \/>\n<meta property=\"og:type\" content=\"article\" \/>\n<meta property=\"og:title\" content=\"Remise en \u00e9tat de t\u00e9l\u00e9phones lou\u00e9s \u00e0 Montr\u00e9al et Terrebonne - REVOLUCELL\" \/>\n<meta property=\"og:url\" content=\"https:\/\/revolucell.com\/fr\/remise-en-etat-de-telephones-loues-a-montreal-et-terrebonne\/\" \/>\n<meta property=\"og:site_name\" content=\"REVOLUCELL\" \/>\n<meta property=\"article:publisher\" content=\"https:\/\/fr-ca.facebook.com\/revolucell\" \/>\n<meta property=\"article:modified_time\" content=\"2025-08-16T19:31:20+00:00\" \/>\n<meta name=\"twitter:card\" content=\"summary_large_image\" \/>\n<meta name=\"twitter:site\" content=\"@revolucell\" \/>\n<script type=\"application\/ld+json\" class=\"yoast-schema-graph\">{\"@context\":\"https:\\\/\\\/schema.org\",\"@graph\":[{\"@type\":\"WebPage\",\"@id\":\"https:\\\/\\\/revolucell.com\\\/fr\\\/remise-en-etat-de-telephones-loues-a-montreal-et-terrebonne\\\/\",\"url\":\"https:\\\/\\\/revolucell.com\\\/fr\\\/remise-en-etat-de-telephones-loues-a-montreal-et-terrebonne\\\/\",\"name\":\"Remise en \u00e9tat de t\u00e9l\u00e9phones lou\u00e9s \u00e0 Montr\u00e9al et Terrebonne - REVOLUCELL\",\"isPartOf\":{\"@id\":\"https:\\\/\\\/revolucell.com\\\/fr\\\/#website\"},\"datePublished\":\"2025-08-16T19:07:44+00:00\",\"dateModified\":\"2025-08-16T19:31:20+00:00\",\"breadcrumb\":{\"@id\":\"https:\\\/\\\/revolucell.com\\\/fr\\\/remise-en-etat-de-telephones-loues-a-montreal-et-terrebonne\\\/#breadcrumb\"},\"inLanguage\":\"fr-CA\",\"potentialAction\":[{\"@type\":\"ReadAction\",\"target\":[\"https:\\\/\\\/revolucell.com\\\/fr\\\/remise-en-etat-de-telephones-loues-a-montreal-et-terrebonne\\\/\"]}]},{\"@type\":\"BreadcrumbList\",\"@id\":\"https:\\\/\\\/revolucell.com\\\/fr\\\/remise-en-etat-de-telephones-loues-a-montreal-et-terrebonne\\\/#breadcrumb\",\"itemListElement\":[{\"@type\":\"ListItem\",\"position\":1,\"name\":\"Home\",\"item\":\"https:\\\/\\\/revolucell.com\\\/fr\\\/\"},{\"@type\":\"ListItem\",\"position\":2,\"name\":\"Remise en \u00e9tat de t\u00e9l\u00e9phones lou\u00e9s \u00e0 Montr\u00e9al et Terrebonne\"}]},{\"@type\":\"WebSite\",\"@id\":\"https:\\\/\\\/revolucell.com\\\/fr\\\/#website\",\"url\":\"https:\\\/\\\/revolucell.com\\\/fr\\\/\",\"name\":\"REVOLUCELL\",\"description\":\"Cell Phone and tablet repair in Montreal\",\"publisher\":{\"@id\":\"https:\\\/\\\/revolucell.com\\\/fr\\\/#organization\"},\"potentialAction\":[{\"@type\":\"SearchAction\",\"target\":{\"@type\":\"EntryPoint\",\"urlTemplate\":\"https:\\\/\\\/revolucell.com\\\/fr\\\/?s={search_term_string}\"},\"query-input\":{\"@type\":\"PropertyValueSpecification\",\"valueRequired\":true,\"valueName\":\"search_term_string\"}}],\"inLanguage\":\"fr-CA\"},{\"@type\":\"Organization\",\"@id\":\"https:\\\/\\\/revolucell.com\\\/fr\\\/#organization\",\"name\":\"RevoluCell\",\"url\":\"https:\\\/\\\/revolucell.com\\\/fr\\\/\",\"logo\":{\"@type\":\"ImageObject\",\"inLanguage\":\"fr-CA\",\"@id\":\"https:\\\/\\\/revolucell.com\\\/fr\\\/#\\\/schema\\\/logo\\\/image\\\/\",\"url\":\"https:\\\/\\\/revolucell.com\\\/wp-content\\\/uploads\\\/2017\\\/06\\\/logo-f-revolucell.png\",\"contentUrl\":\"https:\\\/\\\/revolucell.com\\\/wp-content\\\/uploads\\\/2017\\\/06\\\/logo-f-revolucell.png\",\"width\":250,\"height\":100,\"caption\":\"RevoluCell\"},\"image\":{\"@id\":\"https:\\\/\\\/revolucell.com\\\/fr\\\/#\\\/schema\\\/logo\\\/image\\\/\"},\"sameAs\":[\"https:\\\/\\\/fr-ca.facebook.com\\\/revolucell\",\"https:\\\/\\\/x.com\\\/revolucell\",\"https:\\\/\\\/www.instagram.com\\\/revolucell\\\/\"]}]}<\/script>\n<!-- \/ Yoast SEO plugin. -->","yoast_head_json":{"title":"Remise en \u00e9tat de t\u00e9l\u00e9phones lou\u00e9s \u00e0 Montr\u00e9al et Terrebonne - REVOLUCELL","robots":{"index":"index","follow":"follow","max-snippet":"max-snippet:-1","max-image-preview":"max-image-preview:large","max-video-preview":"max-video-preview:-1"},"canonical":"https:\/\/revolucell.com\/fr\/remise-en-etat-de-telephones-loues-a-montreal-et-terrebonne\/","og_locale":"fr_CA","og_type":"article","og_title":"Remise en \u00e9tat de t\u00e9l\u00e9phones lou\u00e9s \u00e0 Montr\u00e9al et Terrebonne - REVOLUCELL","og_url":"https:\/\/revolucell.com\/fr\/remise-en-etat-de-telephones-loues-a-montreal-et-terrebonne\/","og_site_name":"REVOLUCELL","article_publisher":"https:\/\/fr-ca.facebook.com\/revolucell","article_modified_time":"2025-08-16T19:31:20+00:00","twitter_card":"summary_large_image","twitter_site":"@revolucell","schema":{"@context":"https:\/\/schema.org","@graph":[{"@type":"WebPage","@id":"https:\/\/revolucell.com\/fr\/remise-en-etat-de-telephones-loues-a-montreal-et-terrebonne\/","url":"https:\/\/revolucell.com\/fr\/remise-en-etat-de-telephones-loues-a-montreal-et-terrebonne\/","name":"Remise en \u00e9tat de t\u00e9l\u00e9phones lou\u00e9s \u00e0 Montr\u00e9al et Terrebonne - REVOLUCELL","isPartOf":{"@id":"https:\/\/revolucell.com\/fr\/#website"},"datePublished":"2025-08-16T19:07:44+00:00","dateModified":"2025-08-16T19:31:20+00:00","breadcrumb":{"@id":"https:\/\/revolucell.com\/fr\/remise-en-etat-de-telephones-loues-a-montreal-et-terrebonne\/#breadcrumb"},"inLanguage":"fr-CA","potentialAction":[{"@type":"ReadAction","target":["https:\/\/revolucell.com\/fr\/remise-en-etat-de-telephones-loues-a-montreal-et-terrebonne\/"]}]},{"@type":"BreadcrumbList","@id":"https:\/\/revolucell.com\/fr\/remise-en-etat-de-telephones-loues-a-montreal-et-terrebonne\/#breadcrumb","itemListElement":[{"@type":"ListItem","position":1,"name":"Home","item":"https:\/\/revolucell.com\/fr\/"},{"@type":"ListItem","position":2,"name":"Remise en \u00e9tat de t\u00e9l\u00e9phones lou\u00e9s \u00e0 Montr\u00e9al et Terrebonne"}]},{"@type":"WebSite","@id":"https:\/\/revolucell.com\/fr\/#website","url":"https:\/\/revolucell.com\/fr\/","name":"REVOLUCELL","description":"Cell Phone and tablet repair in Montreal","publisher":{"@id":"https:\/\/revolucell.com\/fr\/#organization"},"potentialAction":[{"@type":"SearchAction","target":{"@type":"EntryPoint","urlTemplate":"https:\/\/revolucell.com\/fr\/?s={search_term_string}"},"query-input":{"@type":"PropertyValueSpecification","valueRequired":true,"valueName":"search_term_string"}}],"inLanguage":"fr-CA"},{"@type":"Organization","@id":"https:\/\/revolucell.com\/fr\/#organization","name":"RevoluCell","url":"https:\/\/revolucell.com\/fr\/","logo":{"@type":"ImageObject","inLanguage":"fr-CA","@id":"https:\/\/revolucell.com\/fr\/#\/schema\/logo\/image\/","url":"https:\/\/revolucell.com\/wp-content\/uploads\/2017\/06\/logo-f-revolucell.png","contentUrl":"https:\/\/revolucell.com\/wp-content\/uploads\/2017\/06\/logo-f-revolucell.png","width":250,"height":100,"caption":"RevoluCell"},"image":{"@id":"https:\/\/revolucell.com\/fr\/#\/schema\/logo\/image\/"},"sameAs":["https:\/\/fr-ca.facebook.com\/revolucell","https:\/\/x.com\/revolucell","https:\/\/www.instagram.com\/revolucell\/"]}]}},"_links":{"self":[{"href":"https:\/\/revolucell.com\/fr\/wp-json\/wp\/v2\/pages\/1628","targetHints":{"allow":["GET"]}}],"collection":[{"href":"https:\/\/revolucell.com\/fr\/wp-json\/wp\/v2\/pages"}],"about":[{"href":"https:\/\/revolucell.com\/fr\/wp-json\/wp\/v2\/types\/page"}],"author":[{"embeddable":true,"href":"https:\/\/revolucell.com\/fr\/wp-json\/wp\/v2\/users\/1"}],"replies":[{"embeddable":true,"href":"https:\/\/revolucell.com\/fr\/wp-json\/wp\/v2\/comments?post=1628"}],"version-history":[{"count":2,"href":"https:\/\/revolucell.com\/fr\/wp-json\/wp\/v2\/pages\/1628\/revisions"}],"predecessor-version":[{"id":1630,"href":"https:\/\/revolucell.com\/fr\/wp-json\/wp\/v2\/pages\/1628\/revisions\/1630"}],"wp:attachment":[{"href":"https:\/\/revolucell.com\/fr\/wp-json\/wp\/v2\/media?parent=1628"}],"curies":[{"name":"wp","href":"https:\/\/api.w.org\/{rel}","templated":true}]}}